{"id":154241,"date":"2021-04-22T13:47:51","date_gmt":"2021-04-22T12:47:51","guid":{"rendered":"https:\/\/univ-constantine3.dz\/%d9%85%d8%ac%d9%84%d8%a7%d8%aa-%d8%a7%d8%b9%d9%84%d8%a7%d9%86%d8%a7%d8%aa\/"},"modified":"2022-06-19T21:45:43","modified_gmt":"2022-06-19T20:45:43","slug":"%d9%85%d8%ac%d9%84%d8%a7%d8%aa-%d8%a7%d8%b9%d9%84%d8%a7%d9%86%d8%a7%d8%aa","status":"publish","type":"page","link":"https:\/\/univ-constantine3.dz\/ar\/%d9%85%d8%ac%d9%84%d8%a7%d8%aa-%d8%a7%d8%b9%d9%84%d8%a7%d9%86%d8%a7%d8%aa\/","title":{"rendered":"\u0645\u062c\u0644\u0627\u062a \u0627\u0639\u0644\u0627\u0646\u0627\u062a"},"content":{"rendered":"\t\t<div data-elementor-type=\"wp-page\" data-elementor-id=\"154241\" class=\"elementor elementor-154241 elementor-144623\">\n\t\t\t\t\t\t<section class=\"elementor-section elementor-top-section elementor-element elementor-element-e22696e elementor-section-height-min-height elementor-section-boxed elementor-section-height-default elementor-section-items-middle\" data-id=\"e22696e\" data-element_type=\"section\" data-settings=\"{&quot;background_background&quot;:&quot;classic&quot;}\">\n\t\t\t\t\t\t<div class=\"elementor-container elementor-column-gap-default\">\n\t\t\t\t\t<div class=\"elementor-column elementor-col-100 elementor-top-column elementor-element elementor-element-98a9c0e\" data-id=\"98a9c0e\" data-element_type=\"column\">\n\t\t\t<div class=\"elementor-widget-wrap\">\n\t\t\t\t\t\t\t<\/div>\n\t\t<\/div>\n\t\t\t\t\t<\/div>\n\t\t<\/section>\n\t\t\t\t<section class=\"elementor-section elementor-top-section elementor-element elementor-element-4c403b6 elementor-section-boxed elementor-section-height-default elementor-section-height-default\" data-id=\"4c403b6\" data-element_type=\"section\">\n\t\t\t\t\t\t<div class=\"elementor-container elementor-column-gap-default\">\n\t\t\t\t\t<div class=\"elementor-column elementor-col-100 elementor-top-column elementor-element elementor-element-a8d5e0a\" data-id=\"a8d5e0a\" data-element_type=\"column\">\n\t\t\t<div class=\"elementor-widget-wrap\">\n\t\t\t\t\t\t\t<\/div>\n\t\t<\/div>\n\t\t\t\t\t<\/div>\n\t\t<\/section>\n\t\t\t\t<\/div>\n\t\t","protected":false},"excerpt":{"rendered":"<p>5 janvier 2022 La Revue BSHUC N\u00b012 est sortie! le\u00a0N\u00b012\u00a0de votre bulletin, sp\u00e9cial Orthop\u00e9die p\u00e9diatrique. \u0627\u0642\u0631\u0623 \u0623\u0643\u062b\u0631 15 juin 2021 La Revue BSHUC N\u00b011 est sortie! le N\u00b011 de votre bulletin, sp\u00e9cial pathologie thyro\u00efdienne et parathyro\u00efdienne \u0627\u0642\u0631\u0623 \u0623\u0643\u062b\u0631 23 avril 2021 \u0627\u0644\u0645\u0642\u0631\u0631 \u0631\u0642\u0645 422 \u0627\u0644\u0645\u0624\u0631\u062e \u064a\u0648\u0645 22 \u0623\u0641\u0631\u064a\u0644 2021 \u0648 \u0627\u0644\u0644\u0630\u064a \u064a\u062d\u062f\u062f \u0642\u0627\u0626\u0645\u0629 \u0627\u0644\u0645\u062c\u0644\u0627\u062a \u0627\u0644\u0639\u0644\u0645\u064a\u0629 [&hellip;]<\/p>\n","protected":false},"author":1,"featured_media":0,"parent":0,"menu_order":0,"comment_status":"closed","ping_status":"closed","template":"","meta":{"_eb_attr":"","_exactmetrics_skip_tracking":false,"_exactmetrics_sitenote_active":false,"_exactmetrics_sitenote_note":"","_exactmetrics_sitenote_category":0,"footnotes":""},"class_list":["post-154241","page","type-page","status-publish","hentry"],"aioseo_notices":[],"_links":{"self":[{"href":"https:\/\/univ-constantine3.dz\/ar\/wp-json\/wp\/v2\/pages\/154241","targetHints":{"allow":["GET"]}}],"collection":[{"href":"https:\/\/univ-constantine3.dz\/ar\/wp-json\/wp\/v2\/pages"}],"about":[{"href":"https:\/\/univ-constantine3.dz\/ar\/wp-json\/wp\/v2\/types\/page"}],"author":[{"embeddable":true,"href":"https:\/\/univ-constantine3.dz\/ar\/wp-json\/wp\/v2\/users\/1"}],"replies":[{"embeddable":true,"href":"https:\/\/univ-constantine3.dz\/ar\/wp-json\/wp\/v2\/comments?post=154241"}],"version-history":[{"count":1,"href":"https:\/\/univ-constantine3.dz\/ar\/wp-json\/wp\/v2\/pages\/154241\/revisions"}],"predecessor-version":[{"id":154242,"href":"https:\/\/univ-constantine3.dz\/ar\/wp-json\/wp\/v2\/pages\/154241\/revisions\/154242"}],"wp:attachment":[{"href":"https:\/\/univ-constantine3.dz\/ar\/wp-json\/wp\/v2\/media?parent=154241"}],"curies":[{"name":"wp","href":"https:\/\/api.w.org\/{rel}","templated":true}]}}