{"id":168509,"date":"2022-12-02T19:49:49","date_gmt":"2022-12-02T18:49:49","guid":{"rendered":"https:\/\/univ-constantine3.dz\/%d8%a7%d9%84%d9%86%d8%b8%d8%a7%d9%85-%d8%a7%d9%84%d8%a8%d9%8a%d8%a6%d9%8a-%d9%84%d9%84%d8%a7%d8%a8%d8%aa%d9%83%d8%a7%d8%b1-%d9%88%d8%b1%d9%8a%d8%a7%d8%af%d8%a9-%d8%a7%d9%84%d8%a3%d8%b9%d9%85%d8%a7\/"},"modified":"2023-02-09T13:41:50","modified_gmt":"2023-02-09T12:41:50","slug":"%d8%a7%d9%84%d9%86%d8%b8%d8%a7%d9%85-%d8%a7%d9%84%d8%a8%d9%8a%d8%a6%d9%8a-%d9%84%d9%84%d8%a7%d8%a8%d8%aa%d9%83%d8%a7%d8%b1-%d9%88%d8%b1%d9%8a%d8%a7%d8%af%d8%a9-%d8%a7%d9%84%d8%a3%d8%b9%d9%85%d8%a7","status":"publish","type":"page","link":"https:\/\/univ-constantine3.dz\/ar\/%d8%a7%d9%84%d9%86%d8%b8%d8%a7%d9%85-%d8%a7%d9%84%d8%a8%d9%8a%d8%a6%d9%8a-%d9%84%d9%84%d8%a7%d8%a8%d8%aa%d9%83%d8%a7%d8%b1-%d9%88%d8%b1%d9%8a%d8%a7%d8%af%d8%a9-%d8%a7%d9%84%d8%a3%d8%b9%d9%85%d8%a7\/","title":{"rendered":"\u0627\u0644\u0646\u0638\u0627\u0645 \u0627\u0644\u0628\u064a\u0626\u064a \u0644\u0644\u0627\u0628\u062a\u0643\u0627\u0631 \u0648\u0631\u064a\u0627\u062f\u0629 \u0627\u0644\u0623\u0639\u0645\u0627\u0644 \u0644\u0644\u062c\u0627\u0645\u0639\u0629 \u0627\u0628\u062a\u0643\u0631"},"content":{"rendered":"\t\t<div data-elementor-type=\"wp-page\" data-elementor-id=\"168509\" class=\"elementor elementor-168509 elementor-166707\">\n\t\t\t\t\t\t<section class=\"elementor-section elementor-top-section elementor-element elementor-element-c38bd0b elementor-section-boxed elementor-section-height-default elementor-section-height-default\" data-id=\"c38bd0b\" data-element_type=\"section\">\n\t\t\t\t\t\t<div class=\"elementor-container elementor-column-gap-default\">\n\t\t\t\t\t<div class=\"elementor-column elementor-col-100 elementor-top-column elementor-element elementor-element-8fb2cde\" data-id=\"8fb2cde\" data-element_type=\"column\">\n\t\t\t<div class=\"elementor-widget-wrap elementor-element-populated\">\n\t\t\t\t\t\t<div class=\"elementor-element elementor-element-4d54661 elementor-widget elementor-widget-image\" data-id=\"4d54661\" data-element_type=\"widget\" data-widget_type=\"image.default\">\n\t\t\t\t<div class=\"elementor-widget-container\">\n\t\t\t\t\t\t\t\t\t\t\t\t\t\t\t<img fetchpriority=\"high\" decoding=\"async\" width=\"900\" height=\"271\" src=\"https:\/\/univ-constantine3.dz\/wp-content\/uploads\/2023\/01\/ecosysteme-uc3.jpg\" class=\"attachment-full size-full wp-image-167973\" alt=\"\" srcset=\"https:\/\/univ-constantine3.dz\/wp-content\/uploads\/2023\/01\/ecosysteme-uc3.jpg 900w, https:\/\/univ-constantine3.dz\/wp-content\/uploads\/2023\/01\/ecosysteme-uc3-300x90.jpg 300w, https:\/\/univ-constantine3.dz\/wp-content\/uploads\/2023\/01\/ecosysteme-uc3-768x231.jpg 768w, https:\/\/univ-constantine3.dz\/wp-content\/uploads\/2023\/01\/ecosysteme-uc3-255x77.jpg 255w\" sizes=\"(max-width: 900px) 100vw, 900px\" \/>\t\t\t\t\t\t\t\t\t\t\t\t\t\t\t<\/div>\n\t\t\t\t<\/div>\n\t\t\t\t\t<\/div>\n\t\t<\/div>\n\t\t\t\t\t<\/div>\n\t\t<\/section>\n\t\t\t\t<section class=\"elementor-section elementor-top-section elementor-element elementor-element-576ef93 elementor-section-boxed elementor-section-height-default elementor-section-height-default\" data-id=\"576ef93\" data-element_type=\"section\">\n\t\t\t\t\t\t<div class=\"elementor-container elementor-column-gap-default\">\n\t\t\t\t\t<div class=\"elementor-column elementor-col-100 elementor-top-column elementor-element elementor-element-3310326\" data-id=\"3310326\" data-element_type=\"column\">\n\t\t\t<div class=\"elementor-widget-wrap elementor-element-populated\">\n\t\t\t\t\t\t<div class=\"elementor-element elementor-element-b2198dc elementor-widget elementor-widget-text-editor\" data-id=\"b2198dc\" data-element_type=\"widget\" data-widget_type=\"text-editor.default\">\n\t\t\t\t<div class=\"elementor-widget-container\">\n\t\t\t\t\t\t\t\t\t<blockquote><p><span style=\"color: #2222ba;\"><em>L\u2019innovation est un enjeu majeur pour l\u2019Universit\u00e9 de Constantine3 qui s\u2019est structur\u00e9e pour favoriser la valorisation de la recherche et ce, par la mise en place d&#8217;un \u00e9cosyst\u00e8me adapt\u00e9:<\/em><\/span><\/p><p><strong><span style=\"color: #2266ba;\">UNIVAL (<em>University Valuation<\/em>) dont les missions:<\/span><\/strong><br \/><strong><span style=\"color: #ff0000;\">\u2192 <\/span><\/strong>\u00c9VALUATION des capacit\u00e9s de recherche valorisable de l\u2019universit\u00e9.<br \/><strong><span style=\"color: #ff0000;\">\u2192<\/span><\/strong> CONCLUSION de contrats de prestation de service et de valorisation<br \/><strong><span style=\"color: #ff0000;\">\u2192<\/span><\/strong> ACCOMPAGNEMENT et SUIVI de l\u2019ex\u00e9cution des contrats de valorisation<br \/><strong><span style=\"color: #ff0000;\">\u2192<\/span><\/strong> PROSPECTION des secteurs socio-\u00e9conomiques et ORIENTATION de la recherche<br \/><strong><span style=\"color: #ff0000;\">\u2192<\/span><\/strong> PROMOTION des capacit\u00e9s et productions scientifiques de l\u2019universit\u00e9<\/p><p><strong><span style=\"color: #2266ba;\">BPI \u2013 CATI ( <em>Bureau de la Propri\u00e9t\u00e9 Intellectuelle<\/em>)<\/span><\/strong><br \/><strong><span style=\"color: #ff0000;\">\u2192<\/span><\/strong> Sensibilisation, formation, recherche.<br \/><strong><span style=\"color: #ff0000;\">\u2192<\/span><\/strong> Accompagnement et protection.<br \/><strong><span style=\"color: #ff0000;\">\u2192<\/span><\/strong> D\u00e9p\u00f4t de brevets, marques, dessins et mod\u00e8les, droits d&amp;#39;auteurs<\/p><p><strong><span style=\"color: #2266ba;\">MAISON DE L\u2019ENTREPREUNARIAT<\/span><\/strong><br \/><strong><span style=\"color: #ff0000;\">\u2192<\/span><\/strong> Sensibilisation.<br \/><strong><span style=\"color: #ff0000;\">\u2192<\/span><\/strong> Accompagnement.<br \/><strong><span style=\"color: #ff0000;\">\u2192<\/span><\/strong> Formation pour promouvoir la culture entrepreneuriale universitaire<\/p><p><strong><span style=\"color: #2266ba;\">INCUBATEUR<\/span><\/strong><br \/><strong><span style=\"color: #ff0000;\">\u2192<\/span><\/strong> Accompagnement personnalis\u00e9 des porteurs de projets innovants. .<br \/><strong><span style=\"color: #ff0000;\">\u2192<\/span><\/strong> Aide \u00e0 la formalisation du business model et du business plan.<br \/><strong><span style=\"color: #ff0000;\">\u2192<\/span><\/strong> Mentorat, coaching et formations sp\u00e9cifiques.<\/p><p><strong><span style=\"color: #2266ba;\"><a href=\"https:\/\/univ-constantine3.dz\/bleu\/\"><span style=\"color: #2266ba;\">BLEU<\/span><\/a> (<em>Bureau de Liaison Entreprise Universit\u00e9<\/em>)<\/span><\/strong><br \/><strong><span style=\"color: #ff0000;\">\u2192<\/span><\/strong> Observation de l\u2019\u00e9cosyst\u00e8me entrepreneurial local.<br \/><strong><span style=\"color: #ff0000;\">\u2192<\/span><\/strong> Identification des acteurs cibles.<br \/><strong><span style=\"color: #ff0000;\">\u2192<\/span><\/strong> Identification des sp\u00e9cificit\u00e9s de l\u2019Universit\u00e9 constantine3.<br \/><strong><span style=\"color: #ff0000;\">\u2192<\/span><\/strong> \u00c9laboration de la strat\u00e9gie du BLEU.<\/p><\/blockquote>\t\t\t\t\t\t\t\t<\/div>\n\t\t\t\t<\/div>\n\t\t\t\t\t<\/div>\n\t\t<\/div>\n\t\t\t\t\t<\/div>\n\t\t<\/section>\n\t\t\t\t<\/div>\n\t\t","protected":false},"excerpt":{"rendered":"","protected":false},"author":1,"featured_media":0,"parent":0,"menu_order":0,"comment_status":"closed","ping_status":"closed","template":"","meta":{"_eb_attr":"","_exactmetrics_skip_tracking":false,"_exactmetrics_sitenote_active":false,"_exactmetrics_sitenote_note":"","_exactmetrics_sitenote_category":0,"footnotes":""},"class_list":["post-168509","page","type-page","status-publish","hentry"],"aioseo_notices":[],"_links":{"self":[{"href":"https:\/\/univ-constantine3.dz\/ar\/wp-json\/wp\/v2\/pages\/168509","targetHints":{"allow":["GET"]}}],"collection":[{"href":"https:\/\/univ-constantine3.dz\/ar\/wp-json\/wp\/v2\/pages"}],"about":[{"href":"https:\/\/univ-constantine3.dz\/ar\/wp-json\/wp\/v2\/types\/page"}],"author":[{"embeddable":true,"href":"https:\/\/univ-constantine3.dz\/ar\/wp-json\/wp\/v2\/users\/1"}],"replies":[{"embeddable":true,"href":"https:\/\/univ-constantine3.dz\/ar\/wp-json\/wp\/v2\/comments?post=168509"}],"version-history":[{"count":1,"href":"https:\/\/univ-constantine3.dz\/ar\/wp-json\/wp\/v2\/pages\/168509\/revisions"}],"predecessor-version":[{"id":168510,"href":"https:\/\/univ-constantine3.dz\/ar\/wp-json\/wp\/v2\/pages\/168509\/revisions\/168510"}],"wp:attachment":[{"href":"https:\/\/univ-constantine3.dz\/ar\/wp-json\/wp\/v2\/media?parent=168509"}],"curies":[{"name":"wp","href":"https:\/\/api.w.org\/{rel}","templated":true}]}}