{"id":168515,"date":"2022-12-07T23:30:21","date_gmt":"2022-12-07T22:30:21","guid":{"rendered":"https:\/\/univ-constantine3.dz\/%d8%a7%d9%84%d8%ad%d8%a7%d8%b6%d9%86%d8%a9\/"},"modified":"2023-02-09T20:47:06","modified_gmt":"2023-02-09T19:47:06","slug":"%d8%a7%d9%84%d8%ad%d8%a7%d8%b6%d9%86%d8%a9","status":"publish","type":"page","link":"https:\/\/univ-constantine3.dz\/ar\/%d8%a7%d9%84%d8%ad%d8%a7%d8%b6%d9%86%d8%a9\/","title":{"rendered":"\u0627\u0644\u062d\u0627\u0636\u0646\u0629"},"content":{"rendered":"\t\t<div data-elementor-type=\"wp-page\" data-elementor-id=\"168515\" class=\"elementor elementor-168515 elementor-167060\">\n\t\t\t\t\t\t<section class=\"elementor-section elementor-top-section elementor-element elementor-element-468371f elementor-section-boxed elementor-section-height-default elementor-section-height-default\" data-id=\"468371f\" data-element_type=\"section\">\n\t\t\t\t\t\t<div class=\"elementor-container elementor-column-gap-default\">\n\t\t\t\t\t<div class=\"elementor-column elementor-col-100 elementor-top-column elementor-element elementor-element-61008bb\" data-id=\"61008bb\" data-element_type=\"column\">\n\t\t\t<div class=\"elementor-widget-wrap elementor-element-populated\">\n\t\t\t\t\t\t<section class=\"elementor-section elementor-inner-section elementor-element elementor-element-406a474 elementor-section-height-min-height elementor-section-boxed elementor-section-height-default\" data-id=\"406a474\" data-element_type=\"section\" data-settings=\"{&quot;background_background&quot;:&quot;classic&quot;}\">\n\t\t\t\t\t\t<div class=\"elementor-container elementor-column-gap-default\">\n\t\t\t\t\t<div class=\"elementor-column elementor-col-33 elementor-inner-column elementor-element elementor-element-8c9fc39\" data-id=\"8c9fc39\" data-element_type=\"column\">\n\t\t\t<div class=\"elementor-widget-wrap\">\n\t\t\t\t\t\t\t<\/div>\n\t\t<\/div>\n\t\t\t\t<div class=\"elementor-column elementor-col-33 elementor-inner-column elementor-element elementor-element-9ebf658\" data-id=\"9ebf658\" data-element_type=\"column\">\n\t\t\t<div class=\"elementor-widget-wrap\">\n\t\t\t\t\t\t\t<\/div>\n\t\t<\/div>\n\t\t\t\t<div class=\"elementor-column elementor-col-33 elementor-inner-column elementor-element elementor-element-7c88833\" data-id=\"7c88833\" data-element_type=\"column\">\n\t\t\t<div class=\"elementor-widget-wrap elementor-element-populated\">\n\t\t\t\t\t\t<div class=\"elementor-element elementor-element-3819103 elementor-widget elementor-widget-image\" data-id=\"3819103\" data-element_type=\"widget\" data-widget_type=\"image.default\">\n\t\t\t\t<div class=\"elementor-widget-container\">\n\t\t\t\t\t\t\t\t\t\t\t\t\t\t\t<img decoding=\"async\" width=\"145\" height=\"157\" src=\"https:\/\/univ-constantine3.dz\/wp-content\/uploads\/2022\/12\/incubateur.jpg\" class=\"attachment-large size-large wp-image-167063\" alt=\"incubateur logo\" \/>\t\t\t\t\t\t\t\t\t\t\t\t\t\t\t<\/div>\n\t\t\t\t<\/div>\n\t\t\t\t\t<\/div>\n\t\t<\/div>\n\t\t\t\t\t<\/div>\n\t\t<\/section>\n\t\t\t\t\t<\/div>\n\t\t<\/div>\n\t\t\t\t\t<\/div>\n\t\t<\/section>\n\t\t\t\t<section class=\"elementor-section elementor-top-section elementor-element elementor-element-1738a9d elementor-section-boxed elementor-section-height-default elementor-section-height-default\" data-id=\"1738a9d\" data-element_type=\"section\">\n\t\t\t\t\t\t<div class=\"elementor-container elementor-column-gap-default\">\n\t\t\t\t\t<div class=\"elementor-column elementor-col-100 elementor-top-column elementor-element elementor-element-b30a394\" data-id=\"b30a394\" data-element_type=\"column\">\n\t\t\t<div class=\"elementor-widget-wrap elementor-element-populated\">\n\t\t\t\t\t\t<div class=\"elementor-element elementor-element-db7feeb elementor-widget elementor-widget-text-editor\" data-id=\"db7feeb\" data-element_type=\"widget\" data-widget_type=\"text-editor.default\">\n\t\t\t\t<div class=\"elementor-widget-container\">\n\t\t\t\t\t\t\t\t\t<blockquote><p><span style=\"color: #5c5cb5;\">Notre <strong>incubateur de startups<\/strong>\u00a0est une structure qui propose un programme d\u2019accompagnement pour cr\u00e9er, d\u00e9velopper ou acc\u00e9l\u00e9rer une start-up.<\/span><\/p><\/blockquote><p><strong><span style=\"color: #ff6600;\">\u2192<\/span><\/strong> Il a pour mission d\u2019aider les jeunes d\u00e9tenteurs d\u2019un projet innovant de transformer leurs id\u00e9es en jeunes entreprises dynamiques au terme d\u2019un programme dit d\u2019\u00ab incubation \u00bb.<\/p><p><span style=\"color: #ff6600;\">\u2234<\/span><strong><span style=\"color: #5c5cb5;\"> L\u2019incubateur UC3 offre :<\/span><\/strong><\/p><ul><li>Un h\u00e9bergement, il accueille au sein de ses locaux les startups, permettant ainsi de renforcer les liens entre les membres des \u00e9quipes et de cr\u00e9er une synergie entre les incub\u00e9s.<\/li><li>Un capital connaissance et de pr\u00e9cieux conseils offerts par les membres permanents et partenaires de l\u2019incubateur au profit des incub\u00e9s.<\/li><li>Une aide \u00e0 la formalisation du business model et business plan.<\/li><li>Un accompagnement personnalis\u00e9.<\/li><li>Une aide au montage des dossiers.<\/li><li>Une aide \u00e0 la recherche de financements par une mise en relation avec des investisseurs.<\/li><li>Un mentorat, par des ateliers de coaching et formations.<\/li><\/ul><p><strong><span style=\"color: #5c5cb5;\"><span style=\"color: #ff6600;\">\u2234<\/span> L\u2019incubateur dispose d\u2019un :<\/span><\/strong><\/p><p>\u00a0 <strong><span style=\"color: #5c5cb5;\">\u2192<\/span><\/strong> Espace de coworking, \u00a0Des bureaux un laboratoire,<\/p><p>\u00a0 \u2192 Une salle de r\u00e9union,<\/p><p>\u00a0 \u2192 Un espace de projection. O\u00f9 les entrepreneurs peuvent venir travailler.<\/p><p>Les incub\u00e9s sont r\u00e9guli\u00e8rement challeng\u00e9s dans l\u2019objectif d\u2019am\u00e9liorer leurs performances.<\/p><p><span style=\"color: #5c5cb5;\"><span style=\"color: #ff6600;\"><strong>\u2234<\/strong><\/span> <strong>Les modalit\u00e9s de fonc<\/strong><strong>tionnement<\/strong><\/span><\/p><ul><li><em>Pr\u00e9-s\u00e9lection<\/em>\u00a0: \u00e9tude de la recevabilit\u00e9 du projet par le comit\u00e9 de l\u2019incubateur.<\/li><li><em>Candidature<\/em>\u00a0: si le dossier est recevable, d\u00e9p\u00f4t d\u2019une fiche de candidature.<\/li><li><em>S\u00e9lection<\/em>\u00a0: validation de la candidature par un comit\u00e9 mixte. (Chercheurs\/professionnels).<\/li><li><em>D\u00e9but de l\u2019incubatio<\/em>n : signature d\u2019une convention d\u2019une dur\u00e9e de 24 mois entre l\u2019incubateur et les incub\u00e9s.<\/li><\/ul><p style=\"text-align: right;\"><strong><span style=\"color: #5c5cb5;\">Responsable de l\u2019incubateur\u00a0:<\/span><\/strong><\/p><p style=\"text-align: right;\">Karima BOUFENARA,<\/p><p style=\"text-align: right;\">mail\u00a0: <a href=\"mailto:karima.boufenara@univ-constantine3.dz\">karima.boufenara@univ-constantine3.dz<\/a><\/p>\t\t\t\t\t\t\t\t<\/div>\n\t\t\t\t<\/div>\n\t\t\t\t\t<\/div>\n\t\t<\/div>\n\t\t\t\t\t<\/div>\n\t\t<\/section>\n\t\t\t\t<section class=\"elementor-section elementor-top-section elementor-element elementor-element-590a2ee elementor-section-boxed elementor-section-height-default elementor-section-height-default\" data-id=\"590a2ee\" data-element_type=\"section\">\n\t\t\t\t\t\t<div class=\"elementor-container elementor-column-gap-default\">\n\t\t\t\t\t<div class=\"elementor-column elementor-col-100 elementor-top-column elementor-element elementor-element-487b0cc\" data-id=\"487b0cc\" data-element_type=\"column\">\n\t\t\t<div class=\"elementor-widget-wrap elementor-element-populated\">\n\t\t\t\t\t\t<div class=\"elementor-element elementor-element-c564387 elementor-arrows-position-inside elementor-pagination-position-outside elementor-widget elementor-widget-image-carousel\" data-id=\"c564387\" data-element_type=\"widget\" data-settings=\"{&quot;navigation&quot;:&quot;both&quot;,&quot;autoplay&quot;:&quot;yes&quot;,&quot;pause_on_hover&quot;:&quot;yes&quot;,&quot;pause_on_interaction&quot;:&quot;yes&quot;,&quot;autoplay_speed&quot;:5000,&quot;infinite&quot;:&quot;yes&quot;,&quot;speed&quot;:500}\" data-widget_type=\"image-carousel.default\">\n\t\t\t\t<div class=\"elementor-widget-container\">\n\t\t\t\t\t\t\t<div class=\"elementor-image-carousel-wrapper swiper\" role=\"region\" aria-roledescription=\"carousel\" aria-label=\"\u0639\u0627\u0631\u0636 \u0627\u0644\u0635\u0648\u0631\" dir=\"ltr\">\n\t\t\t<div class=\"elementor-image-carousel swiper-wrapper\" aria-live=\"off\">\n\t\t\t\t\t\t\t\t<div class=\"swiper-slide\" role=\"group\" aria-roledescription=\"slide\" aria-label=\"1 of 5\"><figure class=\"swiper-slide-inner\"><img decoding=\"async\" class=\"swiper-slide-image\" src=\"https:\/\/univ-constantine3.dz\/wp-content\/uploads\/2023\/02\/FB_IMG_1675161279801.jpg\" alt=\"FB_IMG_1675161279801\" \/><\/figure><\/div><div class=\"swiper-slide\" role=\"group\" aria-roledescription=\"slide\" aria-label=\"2 of 5\"><figure class=\"swiper-slide-inner\"><img decoding=\"async\" class=\"swiper-slide-image\" src=\"https:\/\/univ-constantine3.dz\/wp-content\/uploads\/2023\/02\/FB_IMG_1675161290308-1.jpg\" alt=\"FB_IMG_1675161290308 (1)\" \/><\/figure><\/div><div class=\"swiper-slide\" role=\"group\" aria-roledescription=\"slide\" aria-label=\"3 of 5\"><figure class=\"swiper-slide-inner\"><img decoding=\"async\" class=\"swiper-slide-image\" src=\"https:\/\/univ-constantine3.dz\/wp-content\/uploads\/2023\/02\/20230130_121558-1-scaled.jpg\" alt=\"20230130_121558 (1)\" \/><\/figure><\/div><div class=\"swiper-slide\" role=\"group\" aria-roledescription=\"slide\" aria-label=\"4 of 5\"><figure class=\"swiper-slide-inner\"><img decoding=\"async\" class=\"swiper-slide-image\" src=\"https:\/\/univ-constantine3.dz\/wp-content\/uploads\/2023\/02\/20230130_121503.jpg\" alt=\"20230130_121503\" \/><\/figure><\/div><div class=\"swiper-slide\" role=\"group\" aria-roledescription=\"slide\" aria-label=\"5 of 5\"><figure class=\"swiper-slide-inner\"><img decoding=\"async\" class=\"swiper-slide-image\" src=\"https:\/\/univ-constantine3.dz\/wp-content\/uploads\/2023\/02\/20230130_121500-1-scaled.jpg\" alt=\"20230130_121500 (1)\" \/><\/figure><\/div>\t\t\t<\/div>\n\t\t\t\t\t\t\t\t\t\t\t\t<div class=\"elementor-swiper-button elementor-swiper-button-prev\" role=\"button\" tabindex=\"0\">\n\t\t\t\t\t\t<i aria-hidden=\"true\" class=\"eicon-chevron-left\"><\/i>\t\t\t\t\t<\/div>\n\t\t\t\t\t<div class=\"elementor-swiper-button elementor-swiper-button-next\" role=\"button\" tabindex=\"0\">\n\t\t\t\t\t\t<i aria-hidden=\"true\" class=\"eicon-chevron-right\"><\/i>\t\t\t\t\t<\/div>\n\t\t\t\t\n\t\t\t\t\t\t\t\t\t<div class=\"swiper-pagination\"><\/div>\n\t\t\t\t\t\t\t\t\t<\/div>\n\t\t\t\t\t\t<\/div>\n\t\t\t\t<\/div>\n\t\t\t\t\t<\/div>\n\t\t<\/div>\n\t\t\t\t\t<\/div>\n\t\t<\/section>\n\t\t\t\t<\/div>\n\t\t","protected":false},"excerpt":{"rendered":"","protected":false},"author":1,"featured_media":0,"parent":0,"menu_order":0,"comment_status":"closed","ping_status":"closed","template":"","meta":{"_eb_attr":"","_exactmetrics_skip_tracking":false,"_exactmetrics_sitenote_active":false,"_exactmetrics_sitenote_note":"","_exactmetrics_sitenote_category":0,"footnotes":""},"class_list":["post-168515","page","type-page","status-publish","hentry"],"aioseo_notices":[],"_links":{"self":[{"href":"https:\/\/univ-constantine3.dz\/ar\/wp-json\/wp\/v2\/pages\/168515","targetHints":{"allow":["GET"]}}],"collection":[{"href":"https:\/\/univ-constantine3.dz\/ar\/wp-json\/wp\/v2\/pages"}],"about":[{"href":"https:\/\/univ-constantine3.dz\/ar\/wp-json\/wp\/v2\/types\/page"}],"author":[{"embeddable":true,"href":"https:\/\/univ-constantine3.dz\/ar\/wp-json\/wp\/v2\/users\/1"}],"replies":[{"embeddable":true,"href":"https:\/\/univ-constantine3.dz\/ar\/wp-json\/wp\/v2\/comments?post=168515"}],"version-history":[{"count":1,"href":"https:\/\/univ-constantine3.dz\/ar\/wp-json\/wp\/v2\/pages\/168515\/revisions"}],"predecessor-version":[{"id":168516,"href":"https:\/\/univ-constantine3.dz\/ar\/wp-json\/wp\/v2\/pages\/168515\/revisions\/168516"}],"wp:attachment":[{"href":"https:\/\/univ-constantine3.dz\/ar\/wp-json\/wp\/v2\/media?parent=168515"}],"curies":[{"name":"wp","href":"https:\/\/api.w.org\/{rel}","templated":true}]}}