{"id":168519,"date":"2022-12-04T00:19:10","date_gmt":"2022-12-03T23:19:10","guid":{"rendered":"https:\/\/univ-constantine3.dz\/%d9%85%d8%b1%d9%83%d8%b2-%d8%aa%d8%b9%d9%84%d9%8a%d9%85-%d8%a7%d9%84%d9%84%d8%ba%d8%a9-%d8%a7%d9%84%d9%85%d9%83%d8%ab%d9%81\/"},"modified":"2023-02-09T21:35:01","modified_gmt":"2023-02-09T20:35:01","slug":"%d9%85%d8%b1%d9%83%d8%b2-%d8%aa%d8%b9%d9%84%d9%8a%d9%85-%d8%a7%d9%84%d9%84%d8%ba%d8%a9-%d8%a7%d9%84%d9%85%d9%83%d8%ab%d9%81","status":"publish","type":"page","link":"https:\/\/univ-constantine3.dz\/ar\/%d9%85%d8%b1%d9%83%d8%b2-%d8%aa%d8%b9%d9%84%d9%8a%d9%85-%d8%a7%d9%84%d9%84%d8%ba%d8%a9-%d8%a7%d9%84%d9%85%d9%83%d8%ab%d9%81\/","title":{"rendered":"\u0645\u0631\u0643\u0632 \u062a\u0639\u0644\u064a\u0645 \u0627\u0644\u0644\u063a\u0629 \u0627\u0644\u0645\u0643\u062b\u0641"},"content":{"rendered":"\t\t<div data-elementor-type=\"wp-page\" data-elementor-id=\"168519\" class=\"elementor elementor-168519 elementor-166874\">\n\t\t\t\t\t\t<section class=\"elementor-section elementor-top-section elementor-element elementor-element-6d9c408 elementor-section-boxed elementor-section-height-default elementor-section-height-default\" data-id=\"6d9c408\" data-element_type=\"section\">\n\t\t\t\t\t\t<div class=\"elementor-container elementor-column-gap-default\">\n\t\t\t\t\t<div class=\"elementor-column elementor-col-100 elementor-top-column elementor-element elementor-element-3e7c2ce\" data-id=\"3e7c2ce\" data-element_type=\"column\">\n\t\t\t<div class=\"elementor-widget-wrap elementor-element-populated\">\n\t\t\t\t\t\t<div class=\"elementor-element elementor-element-c9295d8 elementor-widget elementor-widget-image\" data-id=\"c9295d8\" data-element_type=\"widget\" data-widget_type=\"image.default\">\n\t\t\t\t<div class=\"elementor-widget-container\">\n\t\t\t\t\t\t\t\t\t\t\t\t\t\t\t<img fetchpriority=\"high\" decoding=\"async\" width=\"900\" height=\"262\" src=\"https:\/\/univ-constantine3.dz\/wp-content\/uploads\/2022\/12\/arton141.jpg\" class=\"attachment-large size-large wp-image-166878\" alt=\"\" srcset=\"https:\/\/univ-constantine3.dz\/wp-content\/uploads\/2022\/12\/arton141.jpg 900w, https:\/\/univ-constantine3.dz\/wp-content\/uploads\/2022\/12\/arton141-300x87.jpg 300w, https:\/\/univ-constantine3.dz\/wp-content\/uploads\/2022\/12\/arton141-768x224.jpg 768w, https:\/\/univ-constantine3.dz\/wp-content\/uploads\/2022\/12\/arton141-255x74.jpg 255w\" sizes=\"(max-width: 900px) 100vw, 900px\" \/>\t\t\t\t\t\t\t\t\t\t\t\t\t\t\t<\/div>\n\t\t\t\t<\/div>\n\t\t\t\t\t<\/div>\n\t\t<\/div>\n\t\t\t\t\t<\/div>\n\t\t<\/section>\n\t\t\t\t<section class=\"elementor-section elementor-top-section elementor-element elementor-element-2e084777 elementor-section-boxed elementor-section-height-default elementor-section-height-default\" data-id=\"2e084777\" data-element_type=\"section\">\n\t\t\t\t\t\t<div class=\"elementor-container elementor-column-gap-default\">\n\t\t\t\t\t<div class=\"elementor-column elementor-col-100 elementor-top-column elementor-element elementor-element-5ebe9359\" data-id=\"5ebe9359\" data-element_type=\"column\">\n\t\t\t<div class=\"elementor-widget-wrap elementor-element-populated\">\n\t\t\t\t\t\t<div class=\"elementor-element elementor-element-3792d545 elementor-widget elementor-widget-text-editor\" data-id=\"3792d545\" data-element_type=\"widget\" data-widget_type=\"text-editor.default\">\n\t\t\t\t<div class=\"elementor-widget-container\">\n\t\t\t\t\t\t\t\t\t\n<blockquote>\n<p>Le Centre d\u2019Enseignement Intensif des Langues (CEIL), cis \u00e0 la Facult\u00e9 des Sciences Politiques de l\u2019Universit\u00e9 de Constantine 3 Salah Boubnider, dirig\u00e9 par Mme Benboudriou Amira, a ouvert ses portes en<strong><span style=\"color: #2d2d87;\"> F\u00e9vrier 2017.<\/span><\/strong>\u00a0<\/p>\n<\/blockquote>\n\n<p>Riche par ses enseignants et les langues enseign\u00e9es\u00a0: Anglais (10 enseignants), Fran\u00e7ais (10 enseignants), Allemand (2 enseignants), Italien (2 enseignants), Espagnol (2 enseignants) et Turc (1 enseignant), est \u00e9quip\u00e9 de 2 laboratoires de langues et 15 salles d\u2018enseignement.\u00a0\u00a0<\/p>\n\n<p>Le\u00a0CEIL\u00a0de l\u2019UC3SB abrite deux sessions de formation intensives en langue par an.\u00a0\u00a0Environ 1800 \u00e9tudiants y sont accueillis par ann\u00e9e et ce, depuis sa cr\u00e9ation.\u00a0<\/p>\n\t\t\t\t\t\t\t\t<\/div>\n\t\t\t\t<\/div>\n\t\t\t\t\t<\/div>\n\t\t<\/div>\n\t\t\t\t\t<\/div>\n\t\t<\/section>\n\t\t\t\t<section class=\"elementor-section elementor-top-section elementor-element elementor-element-b16ac54 elementor-section-height-min-height elementor-section-boxed elementor-section-height-default elementor-section-items-middle\" data-id=\"b16ac54\" data-element_type=\"section\" data-settings=\"{&quot;background_background&quot;:&quot;slideshow&quot;,&quot;background_slideshow_gallery&quot;:[{&quot;id&quot;:167096,&quot;url&quot;:&quot;https:\\\/\\\/univ-constantine3.dz\\\/wp-content\\\/uploads\\\/2022\\\/12\\\/5-1.png&quot;},{&quot;id&quot;:167093,&quot;url&quot;:&quot;https:\\\/\\\/univ-constantine3.dz\\\/wp-content\\\/uploads\\\/2022\\\/12\\\/4-2.png&quot;},{&quot;id&quot;:167090,&quot;url&quot;:&quot;https:\\\/\\\/univ-constantine3.dz\\\/wp-content\\\/uploads\\\/2022\\\/12\\\/2-2.png&quot;}],&quot;background_slideshow_loop&quot;:&quot;yes&quot;,&quot;background_slideshow_slide_duration&quot;:5000,&quot;background_slideshow_slide_transition&quot;:&quot;fade&quot;,&quot;background_slideshow_transition_duration&quot;:500}\">\n\t\t\t\t\t\t<div class=\"elementor-container elementor-column-gap-default\">\n\t\t\t\t\t<div class=\"elementor-column elementor-col-100 elementor-top-column elementor-element elementor-element-288d806\" data-id=\"288d806\" data-element_type=\"column\">\n\t\t\t<div class=\"elementor-widget-wrap\">\n\t\t\t\t\t\t\t<\/div>\n\t\t<\/div>\n\t\t\t\t\t<\/div>\n\t\t<\/section>\n\t\t\t\t<section class=\"elementor-section elementor-top-section elementor-element elementor-element-dbfc714 elementor-section-boxed elementor-section-height-default elementor-section-height-default\" data-id=\"dbfc714\" data-element_type=\"section\">\n\t\t\t\t\t\t<div class=\"elementor-container elementor-column-gap-default\">\n\t\t\t\t\t<div class=\"elementor-column elementor-col-100 elementor-top-column elementor-element elementor-element-6078447\" data-id=\"6078447\" data-element_type=\"column\">\n\t\t\t<div class=\"elementor-widget-wrap elementor-element-populated\">\n\t\t\t\t\t\t<div class=\"elementor-element elementor-element-034f430 elementor-widget elementor-widget-text-editor\" data-id=\"034f430\" data-element_type=\"widget\" data-widget_type=\"text-editor.default\">\n\t\t\t\t<div class=\"elementor-widget-container\">\n\t\t\t\t\t\t\t\t\t<p><span style=\"color: #0000ff;\">La liste des groupes\u00a0 &#8220;Anglais&#8221; \u00e0<\/span> <a href=\"https:\/\/univ-constantine3.dz\/wp-content\/uploads\/2022\/12\/ANGLAIS-2.docx\">t\u00e9l\u00e9charger ici..<\/a><\/p>\t\t\t\t\t\t\t\t<\/div>\n\t\t\t\t<\/div>\n\t\t\t\t\t<\/div>\n\t\t<\/div>\n\t\t\t\t\t<\/div>\n\t\t<\/section>\n\t\t\t\t<section class=\"elementor-section elementor-top-section elementor-element elementor-element-9f652ae elementor-section-height-min-height elementor-section-boxed elementor-section-height-default elementor-section-items-middle\" data-id=\"9f652ae\" data-element_type=\"section\" data-settings=\"{&quot;background_background&quot;:&quot;slideshow&quot;,&quot;background_slideshow_gallery&quot;:[{&quot;id&quot;:167005,&quot;url&quot;:&quot;https:\\\/\\\/univ-constantine3.dz\\\/wp-content\\\/uploads\\\/2022\\\/12\\\/1.png&quot;},{&quot;id&quot;:167008,&quot;url&quot;:&quot;https:\\\/\\\/univ-constantine3.dz\\\/wp-content\\\/uploads\\\/2022\\\/12\\\/2.png&quot;},{&quot;id&quot;:167011,&quot;url&quot;:&quot;https:\\\/\\\/univ-constantine3.dz\\\/wp-content\\\/uploads\\\/2022\\\/12\\\/3.png&quot;},{&quot;id&quot;:167014,&quot;url&quot;:&quot;https:\\\/\\\/univ-constantine3.dz\\\/wp-content\\\/uploads\\\/2022\\\/12\\\/4.png&quot;},{&quot;id&quot;:167017,&quot;url&quot;:&quot;https:\\\/\\\/univ-constantine3.dz\\\/wp-content\\\/uploads\\\/2022\\\/12\\\/5.png&quot;},{&quot;id&quot;:167020,&quot;url&quot;:&quot;https:\\\/\\\/univ-constantine3.dz\\\/wp-content\\\/uploads\\\/2022\\\/12\\\/6.png&quot;},{&quot;id&quot;:167023,&quot;url&quot;:&quot;https:\\\/\\\/univ-constantine3.dz\\\/wp-content\\\/uploads\\\/2022\\\/12\\\/7.png&quot;},{&quot;id&quot;:167026,&quot;url&quot;:&quot;https:\\\/\\\/univ-constantine3.dz\\\/wp-content\\\/uploads\\\/2022\\\/12\\\/8.png&quot;},{&quot;id&quot;:167029,&quot;url&quot;:&quot;https:\\\/\\\/univ-constantine3.dz\\\/wp-content\\\/uploads\\\/2022\\\/12\\\/9.png&quot;},{&quot;id&quot;:167032,&quot;url&quot;:&quot;https:\\\/\\\/univ-constantine3.dz\\\/wp-content\\\/uploads\\\/2022\\\/12\\\/10.png&quot;},{&quot;id&quot;:167036,&quot;url&quot;:&quot;https:\\\/\\\/univ-constantine3.dz\\\/wp-content\\\/uploads\\\/2022\\\/12\\\/11.png&quot;},{&quot;id&quot;:167039,&quot;url&quot;:&quot;https:\\\/\\\/univ-constantine3.dz\\\/wp-content\\\/uploads\\\/2022\\\/12\\\/12.png&quot;},{&quot;id&quot;:167042,&quot;url&quot;:&quot;https:\\\/\\\/univ-constantine3.dz\\\/wp-content\\\/uploads\\\/2022\\\/12\\\/13.png&quot;},{&quot;id&quot;:167045,&quot;url&quot;:&quot;https:\\\/\\\/univ-constantine3.dz\\\/wp-content\\\/uploads\\\/2022\\\/12\\\/14.png&quot;},{&quot;id&quot;:167048,&quot;url&quot;:&quot;https:\\\/\\\/univ-constantine3.dz\\\/wp-content\\\/uploads\\\/2022\\\/12\\\/15.png&quot;},{&quot;id&quot;:167051,&quot;url&quot;:&quot;https:\\\/\\\/univ-constantine3.dz\\\/wp-content\\\/uploads\\\/2022\\\/12\\\/16.png&quot;},{&quot;id&quot;:167054,&quot;url&quot;:&quot;https:\\\/\\\/univ-constantine3.dz\\\/wp-content\\\/uploads\\\/2022\\\/12\\\/17.png&quot;}],&quot;background_slideshow_loop&quot;:&quot;yes&quot;,&quot;background_slideshow_slide_duration&quot;:5000,&quot;background_slideshow_slide_transition&quot;:&quot;fade&quot;,&quot;background_slideshow_transition_duration&quot;:500}\">\n\t\t\t\t\t\t<div class=\"elementor-container elementor-column-gap-default\">\n\t\t\t\t\t<div class=\"elementor-column elementor-col-100 elementor-top-column elementor-element elementor-element-5a30029\" data-id=\"5a30029\" data-element_type=\"column\">\n\t\t\t<div class=\"elementor-widget-wrap\">\n\t\t\t\t\t\t\t<\/div>\n\t\t<\/div>\n\t\t\t\t\t<\/div>\n\t\t<\/section>\n\t\t\t\t<section class=\"elementor-section elementor-top-section elementor-element elementor-element-4042e2b elementor-section-boxed elementor-section-height-default elementor-section-height-default\" data-id=\"4042e2b\" data-element_type=\"section\">\n\t\t\t\t\t\t<div class=\"elementor-container elementor-column-gap-default\">\n\t\t\t\t\t<div class=\"elementor-column elementor-col-100 elementor-top-column elementor-element elementor-element-59c4081\" data-id=\"59c4081\" data-element_type=\"column\">\n\t\t\t<div class=\"elementor-widget-wrap elementor-element-populated\">\n\t\t\t\t\t\t<div class=\"elementor-element elementor-element-bf39325 elementor-widget-divider--view-line elementor-widget elementor-widget-divider\" data-id=\"bf39325\" data-element_type=\"widget\" data-widget_type=\"divider.default\">\n\t\t\t\t<div class=\"elementor-widget-container\">\n\t\t\t\t\t\t\t<div class=\"elementor-divider\">\n\t\t\t<span class=\"elementor-divider-separator\">\n\t\t\t\t\t\t<\/span>\n\t\t<\/div>\n\t\t\t\t\t\t<\/div>\n\t\t\t\t<\/div>\n\t\t\t\t\t<\/div>\n\t\t<\/div>\n\t\t\t\t\t<\/div>\n\t\t<\/section>\n\t\t\t\t<\/div>\n\t\t","protected":false},"excerpt":{"rendered":"","protected":false},"author":1,"featured_media":0,"parent":0,"menu_order":0,"comment_status":"closed","ping_status":"closed","template":"","meta":{"_eb_attr":"","_exactmetrics_skip_tracking":false,"_exactmetrics_sitenote_active":false,"_exactmetrics_sitenote_note":"","_exactmetrics_sitenote_category":0,"footnotes":""},"class_list":["post-168519","page","type-page","status-publish","hentry"],"aioseo_notices":[],"_links":{"self":[{"href":"https:\/\/univ-constantine3.dz\/ar\/wp-json\/wp\/v2\/pages\/168519","targetHints":{"allow":["GET"]}}],"collection":[{"href":"https:\/\/univ-constantine3.dz\/ar\/wp-json\/wp\/v2\/pages"}],"about":[{"href":"https:\/\/univ-constantine3.dz\/ar\/wp-json\/wp\/v2\/types\/page"}],"author":[{"embeddable":true,"href":"https:\/\/univ-constantine3.dz\/ar\/wp-json\/wp\/v2\/users\/1"}],"replies":[{"embeddable":true,"href":"https:\/\/univ-constantine3.dz\/ar\/wp-json\/wp\/v2\/comments?post=168519"}],"version-history":[{"count":1,"href":"https:\/\/univ-constantine3.dz\/ar\/wp-json\/wp\/v2\/pages\/168519\/revisions"}],"predecessor-version":[{"id":168520,"href":"https:\/\/univ-constantine3.dz\/ar\/wp-json\/wp\/v2\/pages\/168519\/revisions\/168520"}],"wp:attachment":[{"href":"https:\/\/univ-constantine3.dz\/ar\/wp-json\/wp\/v2\/media?parent=168519"}],"curies":[{"name":"wp","href":"https:\/\/api.w.org\/{rel}","templated":true}]}}