{"id":153920,"date":"2020-01-31T15:54:53","date_gmt":"2020-01-31T14:54:53","guid":{"rendered":"https:\/\/univ-constantine3.dz\/national\/"},"modified":"2024-02-25T10:44:39","modified_gmt":"2024-02-25T09:44:39","slug":"national","status":"publish","type":"page","link":"https:\/\/univ-constantine3.dz\/en\/national\/","title":{"rendered":"National"},"content":{"rendered":"\t\t<div data-elementor-type=\"wp-page\" data-elementor-id=\"153920\" class=\"elementor elementor-153920 elementor-137711\">\n\t\t\t\t\t\t<section class=\"elementor-section elementor-top-section elementor-element elementor-element-1a64d43 elementor-section-boxed elementor-section-height-default elementor-section-height-default\" data-id=\"1a64d43\" data-element_type=\"section\" data-e-type=\"section\">\n\t\t\t\t\t\t<div class=\"elementor-container elementor-column-gap-default\">\n\t\t\t\t\t<div class=\"elementor-column elementor-col-100 elementor-top-column elementor-element elementor-element-2ee2c76\" data-id=\"2ee2c76\" data-element_type=\"column\" data-e-type=\"column\">\n\t\t\t<div class=\"elementor-widget-wrap elementor-element-populated\">\n\t\t\t\t\t\t<div class=\"elementor-element elementor-element-b8e2c81 elementor-widget elementor-widget-heading\" data-id=\"b8e2c81\" data-element_type=\"widget\" data-e-type=\"widget\" data-widget_type=\"heading.default\">\n\t\t\t\t<div class=\"elementor-widget-container\">\n\t\t\t\t\t<h2 class=\"elementor-heading-title elementor-size-large\">Our national partners <\/h2>\t\t\t\t<\/div>\n\t\t\t\t<\/div>\n\t\t\t\t\t<\/div>\n\t\t<\/div>\n\t\t\t\t\t<\/div>\n\t\t<\/section>\n\t\t\t\t<section class=\"elementor-section elementor-top-section elementor-element elementor-element-94949ed elementor-section-boxed elementor-section-height-default elementor-section-height-default\" data-id=\"94949ed\" data-element_type=\"section\" data-e-type=\"section\">\n\t\t\t\t\t\t<div class=\"elementor-container elementor-column-gap-default\">\n\t\t\t\t\t<div class=\"elementor-column elementor-col-100 elementor-top-column elementor-element elementor-element-43cd323\" data-id=\"43cd323\" data-element_type=\"column\" data-e-type=\"column\">\n\t\t\t<div class=\"elementor-widget-wrap elementor-element-populated\">\n\t\t\t\t\t\t<div class=\"elementor-element elementor-element-3246233 elementor-widget-divider--separator-type-pattern elementor-widget-divider--view-line elementor-widget elementor-widget-divider\" data-id=\"3246233\" data-element_type=\"widget\" data-e-type=\"widget\" data-widget_type=\"divider.default\">\n\t\t\t\t<div class=\"elementor-widget-container\">\n\t\t\t\t\t\t\t<div class=\"elementor-divider\" style=\"--divider-pattern-url: url(&quot;data:image\/svg+xml,%3Csvg xmlns=&#039;http:\/\/www.w3.org\/2000\/svg&#039; preserveAspectRatio=&#039;none&#039; overflow=&#039;visible&#039; height=&#039;100%&#039; viewBox=&#039;0 0 20 16&#039; fill=&#039;none&#039; stroke=&#039;black&#039; stroke-width=&#039;1&#039; stroke-linecap=&#039;square&#039; stroke-miterlimit=&#039;10&#039;%3E%3Cg transform=&#039;translate(-12.000000, 0)&#039;%3E%3Cpath d=&#039;M28,0L10,18&#039;\/%3E%3Cpath d=&#039;M18,0L0,18&#039;\/%3E%3Cpath d=&#039;M48,0L30,18&#039;\/%3E%3Cpath d=&#039;M38,0L20,18&#039;\/%3E%3C\/g%3E%3C\/svg%3E&quot;);\">\n\t\t\t<span class=\"elementor-divider-separator\">\n\t\t\t\t\t\t<\/span>\n\t\t<\/div>\n\t\t\t\t\t\t<\/div>\n\t\t\t\t<\/div>\n\t\t\t\t\t<\/div>\n\t\t<\/div>\n\t\t\t\t\t<\/div>\n\t\t<\/section>\n\t\t\t\t<section class=\"elementor-section elementor-top-section elementor-element elementor-element-d820093 elementor-section-boxed elementor-section-height-default elementor-section-height-default\" data-id=\"d820093\" data-element_type=\"section\" data-e-type=\"section\" data-settings=\"{&quot;background_background&quot;:&quot;gradient&quot;}\">\n\t\t\t\t\t\t\t<div class=\"elementor-background-overlay\"><\/div>\n\t\t\t\t\t\t\t<div class=\"elementor-container elementor-column-gap-default\">\n\t\t\t\t\t<div class=\"elementor-column elementor-col-100 elementor-top-column elementor-element elementor-element-d3ccd44\" data-id=\"d3ccd44\" data-element_type=\"column\" data-e-type=\"column\">\n\t\t\t<div class=\"elementor-widget-wrap elementor-element-populated\">\n\t\t\t\t\t\t<div class=\"elementor-element elementor-element-7c650ee elementor-widget elementor-widget-text-editor\" data-id=\"7c650ee\" data-element_type=\"widget\" data-e-type=\"widget\" data-widget_type=\"text-editor.default\">\n\t\t\t\t<div class=\"elementor-widget-container\">\n\t\t\t\t\t\t\t\t\t<table dir=\"rtl\" width=\"652\" cellspacing=\"0\" cellpadding=\"7\">\n<tbody>\n<tr valign=\"top\">\n<td width=\"95\">\n<h2 align=\"center\"><span style=\"font-size: small; color: #333399;\"><span style=\"font-family: Times New Roman, serif;\"><b>N<\/b><\/span><\/span><\/h2>\n<\/td>\n<td width=\"121\">\n<h2 dir=\"ltr\" align=\"left\"><span style=\"font-family: 'Courier New', serif; color: #333399;\"><span style=\"font-size: small;\"><span style=\"font-family: Times New Roman, serif;\"><span lang=\"fr-FR\"><b>Titre de l&#8217;accord<\/b><\/span><\/span><\/span><\/span><\/h2>\n<\/td>\n<td width=\"186\">\n<h2 dir=\"ltr\" align=\"left\"><span style=\"font-family: 'Courier New', serif; color: #333399;\"><span style=\"font-size: small;\"><span style=\"font-family: Times New Roman, serif;\"><span lang=\"fr-FR\"><b>La partie convenue<\/b><\/span><\/span><\/span><\/span><\/h2>\n<\/td>\n<td width=\"192\">\n<h3 dir=\"ltr\" align=\"left\"><span style=\"font-family: 'Courier New', serif; color: #333399;\"><span style=\"font-size: small;\"><span style=\"font-family: Times New Roman, serif;\"><span lang=\"fr-FR\"><b>Coordinateur\/Communicateur<\/b><\/span><\/span><\/span><\/span><\/h3>\n<\/td>\n<\/tr>\n<tr valign=\"top\">\n<td width=\"95\">\n<p align=\"center\"><span style=\"font-size: small;\"><span style=\"font-family: Times New Roman, serif;\"><span lang=\"en-US\"><b>NAT\/01 \/21<\/b><\/span><\/span><\/span><\/p>\n<\/td>\n<td width=\"121\">\n<p dir=\"ltr\" align=\"left\"><span style=\"color: #202124;\"><span style=\"font-family: Times New Roman, serif;\"><span style=\"font-size: small;\"><span lang=\"fr-FR\"><b>pour le partenariat et la coop\u00e9ration<\/b><\/span><\/span><\/span><\/span><\/p>\n<\/td>\n<td width=\"186\">\n<p dir=\"ltr\" align=\"left\"><span style=\"font-size: small;\"><span style=\"color: #202124;\"><span style=\"font-family: Times New Roman, serif;\"><b>Ecole Nationale de Gestion<\/b><\/span><\/span><\/span><\/p>\n<\/td>\n<td width=\"192\">\n<p dir=\"ltr\" align=\"left\"><span style=\"color: #202124;\"><span style=\"font-family: Times New Roman, serif;\"><span style=\"font-size: small;\"><span lang=\"fr-FR\"><b>Vice Rectorat de l&#8217;Universit\u00e9 pour les Relations Ext\u00e9rieures<\/b><\/span><\/span><\/span><\/span><\/p>\n<\/td>\n<\/tr>\n<tr valign=\"top\">\n<td width=\"95\">\n<p align=\"center\"><span style=\"font-size: small;\"><span style=\"font-family: Times New Roman, serif;\"><span lang=\"en-US\"><b>NAT\/02 \/21<\/b><\/span><\/span><\/span><\/p>\n<\/td>\n<td width=\"121\">\n<p dir=\"ltr\" align=\"left\"><span style=\"color: #202124;\"><span style=\"font-family: Times New Roman, serif;\"><span style=\"font-size: small;\"><span lang=\"fr-FR\"><b>pour le partenariat et la coop\u00e9ration<\/b><\/span><\/span><\/span><\/span><\/p>\n<\/td>\n<td width=\"186\">\n<p align=\"center\"><span style=\"font-size: small;\"><span style=\"font-family: Times New Roman, serif;\"><b>ETABLISSEMENT UNIVERSITAIRE ET DE RECHERCHE OUM ELBOUAGHI<\/b><\/span><\/span><\/p>\n<\/td>\n<td width=\"192\">\n<p dir=\"ltr\" align=\"left\"><span style=\"color: #202124;\"><span style=\"font-family: Times New Roman, serif;\"><span style=\"font-size: small;\"><span lang=\"fr-FR\"><b>Vice Rectorat de l&#8217;Universit\u00e9 pour les Relations Ext\u00e9rieures<\/b><\/span><\/span><\/span><\/span><\/p>\n<\/td>\n<\/tr>\n<tr valign=\"top\">\n<td width=\"95\">\n<p align=\"center\"><span style=\"font-size: small;\"><span style=\"font-family: Times New Roman, serif;\"><span lang=\"en-US\"><b>NAT\/01 \/22<\/b><\/span><\/span><\/span><\/p>\n<\/td>\n<td width=\"121\">\n<p dir=\"ltr\" align=\"left\"><span style=\"color: #202124;\"><span style=\"font-family: Times New Roman, serif;\"><span style=\"font-size: small;\"><span lang=\"fr-FR\"><b>pour le partenariat et la coop\u00e9ration<\/b><\/span><\/span><\/span><\/span><\/p>\n<\/td>\n<td width=\"186\">\n<p dir=\"ltr\" align=\"left\"><span style=\"font-family: Courier New, serif;\"><span style=\"font-size: small;\"><span style=\"color: #202124;\"><span style=\"font-family: Times New Roman, serif;\"><span lang=\"fr-FR\"><b>CRAT Centre de Recherche en Am\u00e9nagement du Territoire<\/b><\/span><\/span><\/span><\/span><\/span><\/p>\n<\/td>\n<td width=\"192\">\n<p dir=\"ltr\" align=\"left\"><span style=\"font-family: Courier New, serif;\"><span style=\"font-size: small;\"><span style=\"color: #202124;\"><span style=\"font-family: Times New Roman, serif;\"><span lang=\"fr-FR\"><b>Dr Saliha Kababi<\/b><\/span><\/span><\/span><\/span><\/span><\/p>\n<\/td>\n<\/tr>\n<tr valign=\"top\">\n<td width=\"95\">\n<p align=\"center\"><span style=\"font-size: small;\"><span style=\"font-family: Times New Roman, serif;\"><span lang=\"en-US\"><b>NAT\/02 \/22<\/b><\/span><\/span><\/span><\/p>\n<\/td>\n<td width=\"121\">\n<p dir=\"ltr\" align=\"left\"><span style=\"color: #202124;\"><span style=\"font-family: Times New Roman, serif;\"><span style=\"font-size: small;\"><span lang=\"fr-FR\"><b>pour le partenariat et la coop\u00e9ration<\/b><\/span><\/span><\/span><\/span><\/p>\n<\/td>\n<td width=\"186\">\n<p dir=\"ltr\" align=\"left\"><span style=\"font-family: Courier New, serif;\"><span style=\"font-size: small;\"><span style=\"color: #202124;\"><span style=\"font-family: Times New Roman, serif;\"><span lang=\"fr-FR\"><b>Universit\u00e9 Taheri Muhammad Bashar<\/b><\/span><\/span><\/span><\/span><\/span><\/p>\n<\/td>\n<td width=\"192\">\n<p dir=\"ltr\" align=\"left\"><span style=\"font-family: Courier New, serif;\"><span style=\"font-size: small;\"><span style=\"color: #202124;\"><span style=\"font-family: Times New Roman, serif;\"><span lang=\"fr-FR\"><b>Dr Saliha Kababi<\/b><\/span><\/span><\/span><\/span><\/span><\/p>\n<\/td>\n<\/tr>\n<tr valign=\"top\">\n<td width=\"95\">\n<p align=\"center\"><span style=\"font-size: small;\"><span style=\"font-family: Times New Roman, serif;\"><span lang=\"en-US\"><b>NAT\/03 \/22<\/b><\/span><\/span><\/span><\/p>\n<\/td>\n<td width=\"121\">\n<p dir=\"ltr\" align=\"left\"><span style=\"color: #202124;\"><span style=\"font-family: Times New Roman, serif;\"><span style=\"font-size: small;\"><span lang=\"fr-FR\"><b>pour le partenariat et la coop\u00e9ration<\/b><\/span><\/span><\/span><\/span><\/p>\n<\/td>\n<td width=\"186\">\n<p dir=\"ltr\" align=\"left\"><span style=\"font-family: Courier New, serif;\"><span style=\"font-size: small;\"><span style=\"color: #202124;\"><span style=\"font-family: Times New Roman, serif;\"><span lang=\"fr-FR\"><b>Universit\u00e9 de Kasdi Merbah Ouargla<\/b><\/span><\/span><\/span><\/span><\/span><\/p>\n<p dir=\"ltr\" align=\"left\"><span style=\"font-family: Courier New, serif;\"><span style=\"font-size: small;\"><span style=\"color: #202124;\"><span style=\"font-family: Times New Roman, serif;\"><span lang=\"fr-FR\"><b>Universit\u00e9 Mohamed Khider Ouargla<\/b><\/span><\/span><\/span><\/span><\/span><\/p>\n<p dir=\"ltr\" align=\"left\"><span style=\"font-family: Courier New, serif;\"><span style=\"font-size: small;\"><span style=\"color: #202124;\"><span style=\"font-family: Times New Roman, serif;\"><span lang=\"fr-FR\"><b>Universit\u00e9 de Guelma 1945<\/b><\/span><\/span><\/span><\/span><\/span><\/p>\n<\/td>\n<td width=\"192\">\n<p dir=\"ltr\" align=\"left\"><span style=\"font-family: Courier New, serif;\"><span style=\"font-size: small;\"><span style=\"color: #202124;\"><span style=\"font-family: Times New Roman, serif;\"><span lang=\"fr-FR\"><b>Dr Saliha Kababi<\/b><\/span><\/span><\/span><\/span><\/span><\/p>\n<\/td>\n<\/tr>\n<tr valign=\"top\">\n<td width=\"95\">\n<p align=\"center\"><span style=\"font-size: small;\"><span style=\"font-family: Times New Roman, serif;\"><span lang=\"en-US\"><b>NAT\/04 \/22<\/b><\/span><\/span><\/span><\/p>\n<\/td>\n<td width=\"121\">\n<p dir=\"ltr\" align=\"left\"><span style=\"color: #202124;\"><span style=\"font-family: Times New Roman, serif;\"><span style=\"font-size: small;\"><span lang=\"fr-FR\"><b>pour le partenariat et la coop\u00e9ration<\/b><\/span><\/span><\/span><\/span><\/p>\n<\/td>\n<td width=\"186\">\n<p dir=\"ltr\" align=\"left\"><span style=\"font-family: Courier New, serif;\"><span style=\"font-size: small;\"><span style=\"color: #202124;\"><span style=\"font-family: Times New Roman, serif;\"><span lang=\"fr-FR\"><b>Directeur du Centre des technologies spatiales<\/b><\/span><\/span><\/span><\/span><\/span><\/p>\n<\/td>\n<td width=\"192\">\n<p dir=\"ltr\" align=\"left\"><span style=\"color: #202124;\"><span style=\"font-family: Times New Roman, serif;\"><span style=\"font-size: small;\"><span lang=\"fr-FR\"><b>Vice Rectorat de l&#8217;Universit\u00e9 pour les Relations Ext\u00e9rieures<\/b><\/span><\/span><\/span><\/span><\/p>\n<\/td>\n<\/tr>\n<tr valign=\"top\">\n<td width=\"95\">\n<p align=\"center\"><span style=\"font-size: small;\"><span style=\"font-family: Times New Roman, serif;\"><span lang=\"en-US\"><b>NAT\/05 \/22<\/b><\/span><\/span><\/span><\/p>\n<\/td>\n<td width=\"121\">\n<p dir=\"ltr\" align=\"left\"><span style=\"color: #202124;\"><span style=\"font-family: Times New Roman, serif;\"><span style=\"font-size: small;\"><span lang=\"fr-FR\"><b>pour le partenariat et la coop\u00e9ration<\/b><\/span><\/span><\/span><\/span><\/p>\n<\/td>\n<td width=\"186\">\n<p dir=\"ltr\" align=\"left\"><span style=\"font-family: Courier New, serif;\"><span style=\"font-size: small;\"><span style=\"color: #202124;\"><span style=\"font-family: Times New Roman, serif;\"><span lang=\"fr-FR\"><b>Centre de recherche scientifique et technique en anthropologie sociale et culturelle<\/b><\/span><\/span><\/span><\/span><\/span><\/p>\n<\/td>\n<td width=\"192\">\n<p dir=\"ltr\" align=\"left\"><span style=\"color: #202124;\"><span style=\"font-family: Times New Roman, serif;\"><span style=\"font-size: small;\"><span lang=\"fr-FR\"><b>Vice Rectorat de l&#8217;Universit\u00e9 pour les Relations Ext\u00e9rieures<\/b><\/span><\/span><\/span><\/span><\/p>\n<\/td>\n<\/tr>\n<tr valign=\"top\">\n<td width=\"95\">\n<p align=\"center\"><span style=\"font-size: small;\"><span style=\"font-family: Times New Roman, serif;\"><span lang=\"en-US\"><b>NAT\/06 \/22<\/b><\/span><\/span><\/span><\/p>\n<\/td>\n<td width=\"121\">\n<p dir=\"ltr\" align=\"left\"><span style=\"color: #202124;\"><span style=\"font-family: Times New Roman, serif;\"><span style=\"font-size: small;\"><span lang=\"fr-FR\"><b>pour le partenariat et la coop\u00e9ration<\/b><\/span><\/span><\/span><\/span><\/p>\n<\/td>\n<td width=\"186\">\n<p dir=\"ltr\" align=\"left\"><span style=\"font-family: Courier New, serif;\"><span style=\"font-size: small;\"><span style=\"color: #202124;\"><span style=\"font-family: Times New Roman, serif;\"><span lang=\"fr-FR\"><b>Ecole Sup\u00e9rieure des Enseignants Asia Djebar Constantine<\/b><\/span><\/span><\/span><\/span><\/span><\/p>\n<\/td>\n<td width=\"192\">\n<p dir=\"ltr\" align=\"left\"><span style=\"color: #202124;\"><span style=\"font-family: Times New Roman, serif;\"><span style=\"font-size: small;\"><span lang=\"fr-FR\"><b>Vice Rectorat de l&#8217;Universit\u00e9 pour les Relations Ext\u00e9rieures<\/b><\/span><\/span><\/span><\/span><\/p>\n<\/td>\n<\/tr>\n<tr valign=\"top\">\n<td width=\"95\">\n<p align=\"center\"><span style=\"font-size: small;\"><span style=\"font-family: Times New Roman, serif;\"><span lang=\"en-US\"><b>NAT\/0<\/b><\/span><\/span><span style=\"font-family: Times New Roman, serif;\"><span lang=\"fr-FR\"><b>7<\/b><\/span><\/span><span style=\"font-family: Times New Roman, serif;\"><span lang=\"en-US\"><b> \/22<\/b><\/span><\/span><\/span><\/p>\n<\/td>\n<td width=\"121\">\n<p dir=\"ltr\" align=\"left\"><span style=\"color: #202124;\"><span style=\"font-family: Times New Roman, serif;\"><span style=\"font-size: small;\"><span lang=\"fr-FR\"><b>pour le partenariat et la coop\u00e9ration<\/b><\/span><\/span><\/span><\/span><\/p>\n<\/td>\n<td width=\"186\">\n<p dir=\"ltr\" align=\"left\"><span style=\"font-family: Courier New, serif;\"><span style=\"font-size: small;\"><span style=\"color: #202124;\"><span style=\"font-family: Times New Roman, serif;\"><span lang=\"fr-FR\"><b>Centre de Recherche Scientifique en Sciences Pharmaceutiques<\/b><\/span><\/span><\/span><\/span><\/span><\/p>\n<\/td>\n<td width=\"192\">\n<p dir=\"ltr\" align=\"left\"><span style=\"color: #202124;\"><span style=\"font-family: Times New Roman, serif;\"><span style=\"font-size: small;\"><span lang=\"fr-FR\"><b>Vice Rectorat de l&#8217;Universit\u00e9 pour les Relations Ext\u00e9rieures<\/b><\/span><\/span><\/span><\/span><\/p>\n<\/td>\n<\/tr>\n<tr valign=\"top\">\n<td width=\"95\">\n<p align=\"center\"><span style=\"font-size: small;\"><span style=\"font-family: Times New Roman, serif;\"><span lang=\"en-US\"><b>NAT\/0<\/b><\/span><\/span><span style=\"font-family: Times New Roman, serif;\"><span lang=\"fr-FR\"><b>8<\/b><\/span><\/span><span style=\"font-family: Times New Roman, serif;\"><span lang=\"en-US\"><b> \/22<\/b><\/span><\/span><\/span><\/p>\n<\/td>\n<td width=\"121\">\n<p dir=\"ltr\" align=\"left\"><span style=\"color: #202124;\"><span style=\"font-family: Times New Roman, serif;\"><span style=\"font-size: small;\"><span lang=\"fr-FR\"><b>pour le partenariat et la coop\u00e9ration<\/b><\/span><\/span><\/span><\/span><\/p>\n<\/td>\n<td width=\"186\">\n<p align=\"center\"><span style=\"font-size: small;\"><span style=\"font-family: Times New Roman, serif;\"><b>LE CENTRE DE RECHERCHE EN ASTRONOMIE ASTROPHYSIQUE GEOPHYSIQUE<\/b><\/span><\/span><\/p>\n<\/td>\n<td width=\"192\">\n<p dir=\"ltr\" align=\"left\"><span style=\"color: #202124;\"><span style=\"font-family: Times New Roman, serif;\"><span style=\"font-size: small;\"><span lang=\"fr-FR\"><b>Vice Rectorat de l&#8217;Universit\u00e9 pour les Relations Ext\u00e9rieures<\/b><\/span><\/span><\/span><\/span><\/p>\n<\/td>\n<\/tr>\n<tr valign=\"top\">\n<td width=\"95\">\n<p align=\"center\"><span style=\"font-size: small;\"><span style=\"font-family: Times New Roman, serif;\"><span lang=\"en-US\"><b>NAT\/0<\/b><\/span><\/span><span style=\"font-family: Times New Roman, serif;\"><span lang=\"fr-FR\"><b>9<\/b><\/span><\/span><span style=\"font-family: Times New Roman, serif;\"><span lang=\"en-US\"><b> \/22<\/b><\/span><\/span><\/span><\/p>\n<\/td>\n<td width=\"121\">\n<p dir=\"ltr\" align=\"left\"><span style=\"color: #202124;\"><span style=\"font-family: Times New Roman, serif;\"><span style=\"font-size: small;\"><span lang=\"fr-FR\"><b>pour le partenariat et la coop\u00e9ration<\/b><\/span><\/span><\/span><\/span><\/p>\n<\/td>\n<td width=\"186\">\n<p dir=\"ltr\" align=\"left\"><span style=\"font-family: Courier New, serif;\"><span style=\"font-size: small;\"><span style=\"color: #202124;\"><span style=\"font-family: Times New Roman, serif;\"><span lang=\"fr-FR\"><b>Universit\u00e9 de M&#8217;sila<\/b><\/span><\/span><\/span><\/span><\/span><\/p>\n<p dir=\"ltr\" align=\"left\"><span style=\"font-family: Courier New, serif;\"><span style=\"font-size: small;\"><span style=\"color: #202124;\"><span style=\"font-family: Times New Roman, serif;\"><span lang=\"fr-FR\"><b>Universit\u00e9 Umm El-Bouaghi<\/b><\/span><\/span><\/span><\/span><\/span><\/p>\n<p dir=\"ltr\" align=\"left\"><span style=\"font-family: Courier New, serif;\"><span style=\"font-size: small;\"><span style=\"color: #202124;\"><span style=\"font-family: Times New Roman, serif;\"><span lang=\"fr-FR\"><b>Universit\u00e9 de Biskra<\/b><\/span><\/span><\/span><\/span><\/span><\/p>\n<\/td>\n<td width=\"192\">\n<p dir=\"ltr\" align=\"left\"><span style=\"color: #202124;\"><span style=\"font-family: Times New Roman, serif;\"><span style=\"font-size: small;\"><span lang=\"fr-FR\"><b>Vice Rectorat de l&#8217;Universit\u00e9 pour les Relations Ext\u00e9rieures<\/b><\/span><\/span><\/span><\/span><\/p>\n<\/td>\n<\/tr>\n<tr valign=\"top\">\n<td width=\"95\">\n<p align=\"center\"><span style=\"font-size: small;\"><span style=\"font-family: Times New Roman, serif;\"><span lang=\"en-US\"><b>NAT\/01 \/2<\/b><\/span><\/span><span style=\"font-family: Times New Roman, serif;\"><span lang=\"fr-FR\"><b>3<\/b><\/span><\/span><\/span><\/p>\n<\/td>\n<td width=\"121\">\n<p dir=\"ltr\" align=\"left\"><span style=\"color: #202124;\"><span style=\"font-family: Times New Roman, serif;\"><span style=\"font-size: small;\"><span lang=\"fr-FR\"><b>pour le partenariat et la coop\u00e9ration<\/b><\/span><\/span><\/span><\/span><\/p>\n<\/td>\n<td width=\"186\">\n<p dir=\"ltr\" align=\"left\"><span style=\"font-family: Courier New, serif;\"><span style=\"font-size: small;\"><span style=\"color: #202124;\"><span style=\"font-family: Times New Roman, serif;\"><span lang=\"fr-FR\"><b>Universit\u00e9 OUM El-Bouaghi<\/b><\/span><\/span><\/span><\/span><\/span><\/p>\n<\/td>\n<td width=\"192\">\n<p dir=\"ltr\" align=\"left\"><span style=\"color: #202124;\"><span style=\"font-family: Times New Roman, serif;\"><span style=\"font-size: small;\"><span lang=\"fr-FR\"><b>Vice Rectorat de l&#8217;Universit\u00e9 pour les Relations Ext\u00e9rieures<\/b><\/span><\/span><\/span><\/span><\/p>\n<\/td>\n<\/tr>\n<\/tbody>\n<\/table><\/p>\n\t\t\t\t\t\t\t\t<\/div>\n\t\t\t\t<\/div>\n\t\t\t\t\t<\/div>\n\t\t<\/div>\n\t\t\t\t\t<\/div>\n\t\t<\/section>\n\t\t\t\t<\/div>\n\t\t","protected":false},"excerpt":{"rendered":"<p>Our national partners N Titre de l&#8217;accord La partie convenue Coordinateur\/Communicateur NAT\/01 \/21 pour le partenariat et la coop\u00e9ration Ecole Nationale de Gestion Vice Rectorat de l&#8217;Universit\u00e9 pour les Relations Ext\u00e9rieures NAT\/02 \/21 pour le partenariat et la coop\u00e9ration ETABLISSEMENT UNIVERSITAIRE ET DE RECHERCHE OUM ELBOUAGHI Vice Rectorat de l&#8217;Universit\u00e9 pour les Relations Ext\u00e9rieures NAT\/01 [&hellip;]<\/p>\n","protected":false},"author":1,"featured_media":0,"parent":0,"menu_order":0,"comment_status":"closed","ping_status":"closed","template":"","meta":{"_eb_attr":"","_exactmetrics_skip_tracking":false,"_exactmetrics_sitenote_active":false,"_exactmetrics_sitenote_note":"","_exactmetrics_sitenote_category":0,"footnotes":""},"class_list":["post-153920","page","type-page","status-publish","hentry"],"aioseo_notices":[],"_links":{"self":[{"href":"https:\/\/univ-constantine3.dz\/en\/wp-json\/wp\/v2\/pages\/153920","targetHints":{"allow":["GET"]}}],"collection":[{"href":"https:\/\/univ-constantine3.dz\/en\/wp-json\/wp\/v2\/pages"}],"about":[{"href":"https:\/\/univ-constantine3.dz\/en\/wp-json\/wp\/v2\/types\/page"}],"author":[{"embeddable":true,"href":"https:\/\/univ-constantine3.dz\/en\/wp-json\/wp\/v2\/users\/1"}],"replies":[{"embeddable":true,"href":"https:\/\/univ-constantine3.dz\/en\/wp-json\/wp\/v2\/comments?post=153920"}],"version-history":[{"count":5,"href":"https:\/\/univ-constantine3.dz\/en\/wp-json\/wp\/v2\/pages\/153920\/revisions"}],"predecessor-version":[{"id":175951,"href":"https:\/\/univ-constantine3.dz\/en\/wp-json\/wp\/v2\/pages\/153920\/revisions\/175951"}],"wp:attachment":[{"href":"https:\/\/univ-constantine3.dz\/en\/wp-json\/wp\/v2\/media?parent=153920"}],"curies":[{"name":"wp","href":"https:\/\/api.w.org\/{rel}","templated":true}]}}