{"id":153929,"date":"2020-01-03T17:46:22","date_gmt":"2020-01-03T16:46:22","guid":{"rendered":"https:\/\/univ-constantine3.dz\/entrepreneurship\/"},"modified":"2022-06-10T16:46:15","modified_gmt":"2022-06-10T15:46:15","slug":"entrepreneurship","status":"publish","type":"page","link":"https:\/\/univ-constantine3.dz\/en\/entrepreneurship\/","title":{"rendered":"Entrepreneurship"},"content":{"rendered":"\t\t<div data-elementor-type=\"wp-page\" data-elementor-id=\"153929\" class=\"elementor elementor-153929 elementor-137034\">\n\t\t\t\t\t\t<section class=\"elementor-section elementor-top-section elementor-element elementor-element-316573f elementor-section-boxed elementor-section-height-default elementor-section-height-default\" data-id=\"316573f\" data-element_type=\"section\" data-e-type=\"section\">\n\t\t\t\t\t\t<div class=\"elementor-container elementor-column-gap-default\">\n\t\t\t\t\t<div class=\"elementor-column elementor-col-100 elementor-top-column elementor-element elementor-element-bec8aeb\" data-id=\"bec8aeb\" data-element_type=\"column\" data-e-type=\"column\">\n\t\t\t<div class=\"elementor-widget-wrap\">\n\t\t\t\t\t\t\t<\/div>\n\t\t<\/div>\n\t\t\t\t\t<\/div>\n\t\t<\/section>\n\t\t\t\t<section class=\"elementor-section elementor-top-section elementor-element elementor-element-f036f4e elementor-section-boxed elementor-section-height-default elementor-section-height-default\" data-id=\"f036f4e\" data-element_type=\"section\" data-e-type=\"section\">\n\t\t\t\t\t\t<div class=\"elementor-container elementor-column-gap-default\">\n\t\t\t\t\t<div class=\"elementor-column elementor-col-100 elementor-top-column elementor-element elementor-element-229fedc\" data-id=\"229fedc\" data-element_type=\"column\" data-e-type=\"column\">\n\t\t\t<div class=\"elementor-widget-wrap\">\n\t\t\t\t\t\t\t<\/div>\n\t\t<\/div>\n\t\t\t\t\t<\/div>\n\t\t<\/section>\n\t\t\t\t<\/div>\n\t\t","protected":false},"excerpt":{"rendered":"<p>\u0627\u0644\u0637\u0628\u0639\u0629 \u0627\u0644\u0623\u0648\u0644\u0649 \u0644\u0645\u0646\u062a\u062f\u0649 \u0627\u0644\u0645\u0642\u0627\u0648\u0644\u0627\u062a\u064a\u0629 \u0641\u064a \u0627\u0644\u062c\u0627\u0645\u0639\u0629 \u0627\u0644\u062c\u0632\u0627\u0626\u0631\u064a\u0629 \u201c\u062c\u0627\u0645\u0639\u0629 \u0642\u0633\u0646\u0637\u064a\u0646\u0629 3 \u0635\u0627\u0644\u062d \u0628\u0648\u0628\u0646\u064a\u062f\u0631 \u201c \u064a\u0648\u0645 \u062f\u0631\u0627\u0633\u064a \u0645\u0641\u062a\u0648\u062d 15 \u0641\u064a\u0641\u0631\u064a 2021 Read More admin13 f\u00e9vrier 2021 La comp\u00e9tition Hult Prize \u00e0 l\u2019universit\u00e9 Constantine 3 Salah Boubnider Ch\u00e8re&nbsp;&nbsp;\u00e9tudiants \/\u00e9tudiantes, &nbsp; &nbsp;&nbsp;Dans la perspective d\u2019encourager la r\u00e9alisation des&#8230; Read More admin12 octobre 2020<\/p>\n","protected":false},"author":1,"featured_media":0,"parent":0,"menu_order":0,"comment_status":"closed","ping_status":"closed","template":"","meta":{"_eb_attr":"","_exactmetrics_skip_tracking":false,"_exactmetrics_sitenote_active":false,"_exactmetrics_sitenote_note":"","_exactmetrics_sitenote_category":0,"footnotes":""},"class_list":["post-153929","page","type-page","status-publish","hentry"],"aioseo_notices":[],"_links":{"self":[{"href":"https:\/\/univ-constantine3.dz\/en\/wp-json\/wp\/v2\/pages\/153929","targetHints":{"allow":["GET"]}}],"collection":[{"href":"https:\/\/univ-constantine3.dz\/en\/wp-json\/wp\/v2\/pages"}],"about":[{"href":"https:\/\/univ-constantine3.dz\/en\/wp-json\/wp\/v2\/types\/page"}],"author":[{"embeddable":true,"href":"https:\/\/univ-constantine3.dz\/en\/wp-json\/wp\/v2\/users\/1"}],"replies":[{"embeddable":true,"href":"https:\/\/univ-constantine3.dz\/en\/wp-json\/wp\/v2\/comments?post=153929"}],"version-history":[{"count":1,"href":"https:\/\/univ-constantine3.dz\/en\/wp-json\/wp\/v2\/pages\/153929\/revisions"}],"predecessor-version":[{"id":153930,"href":"https:\/\/univ-constantine3.dz\/en\/wp-json\/wp\/v2\/pages\/153929\/revisions\/153930"}],"wp:attachment":[{"href":"https:\/\/univ-constantine3.dz\/en\/wp-json\/wp\/v2\/media?parent=153929"}],"curies":[{"name":"wp","href":"https:\/\/api.w.org\/{rel}","templated":true}]}}