{"id":154201,"date":"2021-04-13T09:52:37","date_gmt":"2021-04-13T08:52:37","guid":{"rendered":"https:\/\/univ-constantine3.dz\/hurry\/"},"modified":"2022-06-10T17:01:07","modified_gmt":"2022-06-10T16:01:07","slug":"hurry","status":"publish","type":"page","link":"https:\/\/univ-constantine3.dz\/en\/hurry\/","title":{"rendered":"Hurry"},"content":{"rendered":"\t\t<div data-elementor-type=\"wp-page\" data-elementor-id=\"154201\" class=\"elementor elementor-154201 elementor-143956\">\n\t\t\t\t\t\t<section class=\"elementor-section elementor-top-section elementor-element elementor-element-379c64f1 elementor-section-boxed elementor-section-height-default elementor-section-height-default\" data-id=\"379c64f1\" data-element_type=\"section\" data-e-type=\"section\" data-settings=\"{&quot;background_background&quot;:&quot;gradient&quot;}\">\n\t\t\t\t\t\t\t<div class=\"elementor-background-overlay\"><\/div>\n\t\t\t\t\t\t\t<div class=\"elementor-container elementor-column-gap-default\">\n\t\t\t\t\t<div class=\"elementor-column elementor-col-100 elementor-top-column elementor-element elementor-element-19ec05ce\" data-id=\"19ec05ce\" data-element_type=\"column\" data-e-type=\"column\" data-settings=\"{&quot;background_background&quot;:&quot;classic&quot;}\">\n\t\t\t<div class=\"elementor-widget-wrap elementor-element-populated\">\n\t\t\t\t\t\t<div class=\"elementor-element elementor-element-1ba22b7d elementor-widget elementor-widget-heading\" data-id=\"1ba22b7d\" data-element_type=\"widget\" data-e-type=\"widget\" data-widget_type=\"heading.default\">\n\t\t\t\t<div class=\"elementor-widget-container\">\n\t\t\t\t\t<h2 class=\"elementor-heading-title elementor-size-default\">UC3 in the press<\/h2>\t\t\t\t<\/div>\n\t\t\t\t<\/div>\n\t\t\t\t<section class=\"elementor-section elementor-inner-section elementor-element elementor-element-5a48ff74 elementor-section-full_width elementor-section-height-default elementor-section-height-default\" data-id=\"5a48ff74\" data-element_type=\"section\" data-e-type=\"section\">\n\t\t\t\t\t\t<div class=\"elementor-container elementor-column-gap-default\">\n\t\t\t\t\t<div class=\"elementor-column elementor-col-100 elementor-inner-column elementor-element elementor-element-67850df3\" data-id=\"67850df3\" data-element_type=\"column\" data-e-type=\"column\">\n\t\t\t<div class=\"elementor-widget-wrap elementor-element-populated\">\n\t\t\t\t\t\t<div class=\"elementor-element elementor-element-48ff27c1 elementor-widget elementor-widget-heading\" data-id=\"48ff27c1\" data-element_type=\"widget\" data-e-type=\"widget\" data-widget_type=\"heading.default\">\n\t\t\t\t<div class=\"elementor-widget-container\">\n\t\t\t\t\t<h2 class=\"elementor-heading-title elementor-size-default\">YEAR 2021<\/h2>\t\t\t\t<\/div>\n\t\t\t\t<\/div>\n\t\t\t\t<div class=\"elementor-element elementor-element-5d866fb2 elementor-widget elementor-widget-heading\" data-id=\"5d866fb2\" data-element_type=\"widget\" data-e-type=\"widget\" data-widget_type=\"heading.default\">\n\t\t\t\t<div class=\"elementor-widget-container\">\n\t\t\t\t\t<h2 class=\"elementor-heading-title elementor-size-default\">Year 2020<\/h2>\t\t\t\t<\/div>\n\t\t\t\t<\/div>\n\t\t\t\t<div class=\"elementor-element elementor-element-1a21c08c elementor-widget elementor-widget-heading\" data-id=\"1a21c08c\" data-element_type=\"widget\" data-e-type=\"widget\" data-widget_type=\"heading.default\">\n\t\t\t\t<div class=\"elementor-widget-container\">\n\t\t\t\t\t<h2 class=\"elementor-heading-title elementor-size-large\">Year 2019<\/h2>\t\t\t\t<\/div>\n\t\t\t\t<\/div>\n\t\t\t\t\t<\/div>\n\t\t<\/div>\n\t\t\t\t\t<\/div>\n\t\t<\/section>\n\t\t\t\t\t<\/div>\n\t\t<\/div>\n\t\t\t\t\t<\/div>\n\t\t<\/section>\n\t\t\t\t<\/div>\n\t\t","protected":false},"excerpt":{"rendered":"<p>UC3 in the press YEAR 2021 Year 2020 Year 2019 Conf\u00e9rence sur la valorisation des d\u00e9chets El Watan04-12-2019 Plus&#8230; Conf\u00e9rence Internationale sur l&#8217;application du g\u00e9nie des proc\u00e9d\u00e9s LEST .03-12-2019 Plus&#8230; projet Yabda. Le Quotidien d&#8217;Oran 26-11-2019 Plus&#8230; Des professionnels au service de l&#8217;\u00e9conomie verteSortie de la 1re promo master El Watan Mercredi 23 Octobre 2019 [&hellip;]<\/p>\n","protected":false},"author":1,"featured_media":0,"parent":0,"menu_order":0,"comment_status":"closed","ping_status":"closed","template":"","meta":{"_eb_attr":"","_exactmetrics_skip_tracking":false,"_exactmetrics_sitenote_active":false,"_exactmetrics_sitenote_note":"","_exactmetrics_sitenote_category":0,"footnotes":""},"class_list":["post-154201","page","type-page","status-publish","hentry"],"aioseo_notices":[],"_links":{"self":[{"href":"https:\/\/univ-constantine3.dz\/en\/wp-json\/wp\/v2\/pages\/154201","targetHints":{"allow":["GET"]}}],"collection":[{"href":"https:\/\/univ-constantine3.dz\/en\/wp-json\/wp\/v2\/pages"}],"about":[{"href":"https:\/\/univ-constantine3.dz\/en\/wp-json\/wp\/v2\/types\/page"}],"author":[{"embeddable":true,"href":"https:\/\/univ-constantine3.dz\/en\/wp-json\/wp\/v2\/users\/1"}],"replies":[{"embeddable":true,"href":"https:\/\/univ-constantine3.dz\/en\/wp-json\/wp\/v2\/comments?post=154201"}],"version-history":[{"count":2,"href":"https:\/\/univ-constantine3.dz\/en\/wp-json\/wp\/v2\/pages\/154201\/revisions"}],"predecessor-version":[{"id":154255,"href":"https:\/\/univ-constantine3.dz\/en\/wp-json\/wp\/v2\/pages\/154201\/revisions\/154255"}],"wp:attachment":[{"href":"https:\/\/univ-constantine3.dz\/en\/wp-json\/wp\/v2\/media?parent=154201"}],"curies":[{"name":"wp","href":"https:\/\/api.w.org\/{rel}","templated":true}]}}